{"id":336,"date":"2021-11-16T13:58:30","date_gmt":"2021-11-16T12:58:30","guid":{"rendered":"http:\/\/geraldinedelville.be\/?page_id=336"},"modified":"2022-06-01T14:18:04","modified_gmt":"2022-06-01T12:18:04","slug":"deroulement-dune-seance","status":"publish","type":"page","link":"https:\/\/geraldinedelville.be\/index.php\/deroulement-dune-seance\/","title":{"rendered":"D\u00e9roulement d&rsquo;une s\u00e9ance"},"content":{"rendered":"<p><img loading=\"lazy\" decoding=\"async\" class=\" wp-image-406 alignright\" src=\"https:\/\/geraldinedelville.be\/wp-content\/uploads\/2021\/11\/20211121_131025-copie-300x142.jpg\" alt=\"\" width=\"346\" height=\"164\">G\u00e9raldine vous re\u00e7oit en individuel \u00e0 son cabinet \u00e0 Wavre. Les s\u00e9ances sont adapt\u00e9es \u00e0 tous: du b\u00e9b\u00e9 \u00e0 l\u2019adulte.<span class=\"Apple-converted-space\">&nbsp; <\/span>Elles sont indolores et non invasives et s\u2019adressent \u00e0 toutes les personnes qui, au-del\u00e0 d\u2019une prise en charge m\u00e9dicale indispensable, souhaitent faciliter le r\u00e9\u00e9quilibrage naturel de leurs d\u00e9r\u00e8glements de sant\u00e9.<span class=\"Apple-converted-space\">&nbsp;<\/span><\/p>\n<p><b>Comment se d\u00e9roule une s\u00e9ance&nbsp;? <\/b><\/p>\n<p>1. La s\u00e9ance d\u00e9bute par un moment d\u2019\u00e9change pendant lequel vous exposez votre probl\u00e9matique. Vous discutez des soucis que vous rencontrez, de vos habitudes alimentaires,\u2026<\/p>\n<p>2. Vous \u00eates ensuite invit\u00e9 \u00e0 vous allonger habill\u00e9 sur la table de soin. <span class=\"Apple-converted-space\">&nbsp;<\/span><\/p>\n<p>3. En se servant du test musculaire issu de la kin\u00e9siologie, Geraldine Delville interroge votre corps pendant une vingtaine de minutes. Cet outil lui permet de d\u00e9tecter les causes de vos perturbations. (Ces causes peuvent \u00eatre alimentaires, \u00e9motionnelles, environnementales,\u2026)<\/p>\n<p>4. Ensuite vient la phase de d\u00e9programmation et de reprogrammation: par des mouvements oculaires et par la stimulation de points d\u2019acupuncture sp\u00e9cifiques, votre corps se lib\u00e8re des causes de ses d\u00e9s\u00e9quilibres. <span class=\"Apple-converted-space\">&nbsp;<\/span><\/p>\n<p>5. Vous \u00eates ensuite invit\u00e9 \u00e0 observer une p\u00e9riode d\u2019int\u00e9gration de 25h au cours de laquelle votre corps se r\u00e9harmonise et retrouve progressivement sa pleine capacit\u00e9.<span class=\"Apple-converted-space\">&nbsp; <\/span>Pendant cette p\u00e9riode, une \u00e9viction de certains aliments est parfois n\u00e9cessaire. <span class=\"Apple-converted-space\">&nbsp;<\/span><\/p>\n<p><b><i>Prix de la s\u00e9ance : <\/i><\/b><b><i>70 euros<\/i><\/b><\/p>\n<p><b><i>Nombre de s\u00e9ances recommand\u00e9 : 2 \u00e0 5 en fonction de la probl\u00e9matique.&nbsp;<\/i><\/b><\/p>\n<p><b><i>Les prises de RDV se font par SMS au 0491 64 32 22<\/i><\/b><\/p>\n<p><b><i>Les s\u00e9ances&nbsp;ne se substituent&nbsp;en aucun cas \u00e0 un diagnostic, un avis ou un traitement m\u00e9dical.<\/i><\/b><\/p>\n","protected":false},"excerpt":{"rendered":"<p>G\u00e9raldine vous re\u00e7oit en individuel \u00e0 son cabinet \u00e0 Wavre. Les s\u00e9ances sont adapt\u00e9es \u00e0 tous: du b\u00e9b\u00e9 \u00e0 l\u2019adulte.&nbsp; Elles sont indolores et non invasives et s\u2019adressent \u00e0 toutes les personnes qui, au-del\u00e0 d\u2019une prise en charge m\u00e9dicale indispensable, souhaitent faciliter le r\u00e9\u00e9quilibrage naturel de leurs d\u00e9r\u00e8glements de sant\u00e9.&nbsp; Comment se d\u00e9roule une s\u00e9ance&nbsp;? 1. La s\u00e9ance d\u00e9bute par un moment d\u2019\u00e9change pendant lequel vous exposez votre probl\u00e9matique. Vous discutez des soucis que vous rencontrez, de vos habitudes alimentaires,\u2026&#8230;<\/p>\n<p class=\"read-more\"><a class=\"btn btn-default\" href=\"https:\/\/geraldinedelville.be\/index.php\/deroulement-dune-seance\/\">Lire la suite<span class=\"screen-reader-text\"> Lire la suite<\/span><\/a><\/p>\n","protected":false},"author":3,"featured_media":0,"parent":0,"menu_order":0,"comment_status":"closed","ping_status":"closed","template":"","meta":{"om_disable_all_campaigns":false,"_monsterinsights_skip_tracking":false,"_monsterinsights_sitenote_active":false,"_monsterinsights_sitenote_note":"","_monsterinsights_sitenote_category":0,"footnotes":""},"class_list":["post-336","page","type-page","status-publish","hentry"],"aioseo_notices":[],"_links":{"self":[{"href":"https:\/\/geraldinedelville.be\/index.php\/wp-json\/wp\/v2\/pages\/336","targetHints":{"allow":["GET"]}}],"collection":[{"href":"https:\/\/geraldinedelville.be\/index.php\/wp-json\/wp\/v2\/pages"}],"about":[{"href":"https:\/\/geraldinedelville.be\/index.php\/wp-json\/wp\/v2\/types\/page"}],"author":[{"embeddable":true,"href":"https:\/\/geraldinedelville.be\/index.php\/wp-json\/wp\/v2\/users\/3"}],"replies":[{"embeddable":true,"href":"https:\/\/geraldinedelville.be\/index.php\/wp-json\/wp\/v2\/comments?post=336"}],"version-history":[{"count":8,"href":"https:\/\/geraldinedelville.be\/index.php\/wp-json\/wp\/v2\/pages\/336\/revisions"}],"predecessor-version":[{"id":563,"href":"https:\/\/geraldinedelville.be\/index.php\/wp-json\/wp\/v2\/pages\/336\/revisions\/563"}],"wp:attachment":[{"href":"https:\/\/geraldinedelville.be\/index.php\/wp-json\/wp\/v2\/media?parent=336"}],"curies":[{"name":"wp","href":"https:\/\/api.w.org\/{rel}","templated":true}]}}