{"id":56,"date":"2021-09-16T22:13:45","date_gmt":"2021-09-16T20:13:45","guid":{"rendered":"http:\/\/geraldinedelville.be\/?page_id=56"},"modified":"2023-10-13T11:55:49","modified_gmt":"2023-10-13T09:55:49","slug":"temoignages","status":"publish","type":"page","link":"https:\/\/geraldinedelville.be\/index.php\/kinesiologie\/temoignages\/","title":{"rendered":"T\u00e9moignages"},"content":{"rendered":"<p><strong>Voici le t\u00e9moignage de Sylvie, 42 ans, ind\u00e9pendante et maman de 3 enfants \u00e2g\u00e9s de 16, 12 et 8 ans.\u00a0<\/strong><\/p>\n<p><b>1. Quelle \u00e9tait votre situation avant de travailler avec moi ?<\/b><\/p>\n<p>J\u2019\u00e9tais enferm\u00e9e dans la <b>routine <\/b>de <b>l\u2019alcool<\/b>. Je ne voyais plus rien \u00e0 part l\u2019alcool. J\u2019\u00e9tais persuad\u00e9e que je ne pourrais jamais arriver \u00e0 en sortir. J\u2019\u00e9tais anesth\u00e9si\u00e9e par l\u2019alcool.<span class=\"Apple-converted-space\">\u00a0<\/span><\/p>\n<p><b>2. Qu\u2019est-ce qui vous a fait h\u00e9siter \u00e0 entamer cet accompagnement\u00a0?<\/b><\/p>\n<p>J\u2019avais tr\u00e8s <b>peur<\/b> de chambouler ma routine et de <b>me regarder en face<\/b>! Au d\u00e9but, vous n\u2019\u00eates pas fi\u00e8re. Vous avez un peu honte.<span class=\"Apple-converted-space\">\u00a0<\/span><\/p>\n<p><b>3. Qu\u2019est-ce qui vous a d\u00e9cid\u00e9 \u00e0 travailler avec moi\u00a0?<\/b><\/p>\n<p>J\u2019\u00e9tais rassur\u00e9e que je n\u2019allais pas devoir faire une psychoth\u00e9rapie. J\u2019en ai fait tellement des psychoth\u00e9rapies!<span class=\"Apple-converted-space\">\u00a0 <\/span>Je sentais que je n\u2019allais pas rentrer dans un processus de culpabilit\u00e9.<span class=\"Apple-converted-space\">\u00a0<\/span><\/p>\n<p><b>4. Qu\u2019est-ce qui a chang\u00e9 dans votre vie depuis cet accompagnement?<span class=\"Apple-converted-space\">\u00a0<\/span><\/b><\/p>\n<p>Mon visage a chang\u00e9. Je ne suis plus gonfl\u00e9e. Je n\u2019ai plus la gueule de bois. J\u2019ai plus <b>d\u2019\u00e9nergie<\/b>. Je suis plus <b>positive<\/b>. J\u2019ai retrouv\u00e9 l\u2019estime de moi-m\u00eame. Je reprends confiance en moi.<span class=\"Apple-converted-space\">\u00a0 <\/span>C\u2019est \u00e9norme.<span class=\"Apple-converted-space\">\u00a0<\/span><\/p>\n<p><b>5. Quelle a \u00e9t\u00e9 votre grande prise de conscience\u00a0?<\/b><\/p>\n<p>L\u2019alcool m\u2019a isol\u00e9e alors que j\u2019ai fondamentalement besoin de vrais liens sociaux, de <b>liens profonds avec les autres<\/b>. L\u2019alcool me rendait superficielle.<span class=\"Apple-converted-space\">\u00a0<\/span><\/p>\n<p><b>6. Comment vous \u00eates-vous sentie accompagn\u00e9e par moi\u00a0?<\/b><\/p>\n<p>D\u00e8s le premier coup de fil, je me suis sentie rassur\u00e9e. Vous m\u2019avez dit que \u00e7a allait aller. Je me suis tout de suite sentie \u00e9cout\u00e9e. Vous avez une force d\u2019\u00e9coute, une r\u00e9elle empathie.<span class=\"Apple-converted-space\">\u00a0 <\/span>C\u2019est enveloppant, rassurant et s\u00e9curisant. Et puis, vous avez le truc !<span class=\"Apple-converted-space\">\u00a0 <\/span>Vous savez tr\u00e8s bien o\u00f9 vous allez !<span class=\"Apple-converted-space\">\u00a0<\/span><\/p>\n<p style=\"text-align: center;\"><strong>&#8212;&#8212;&#8212;&#8212;&#8212;&#8212;&#8212;&#8212;&#8212;&#8212;&#8212;&#8212;&#8212;&#8212;&#8212;&#8212;&#8212;&#8212;&#8212;&#8212;&#8212;&#8212;&#8212;&#8212;&#8212;&#8212;&#8212;&#8212;-<\/strong><\/p>\n<p><b>T\u00e9moignage de Sol\u00e8ne, 38 ans.<span class=\"Apple-converted-space\">\u00a0<\/span><\/b><\/p>\n<p><b>1. Quelle \u00e9tait votre situation avant de travailler avec moi ?<\/b><\/p>\n<p>Je cherchais plus de <b>fluidit\u00e9<\/b> dans mes relations familiales. J\u2019\u00e9tais sous tension avec ma m\u00e8re, mon p\u00e8re, ma soeur&#8230; Je me sentais d\u00e9sesp\u00e9r\u00e9e par ma situation. J\u2019avais l\u2019impression de ne pas pouvoir <b>solutionner<\/b> nos diff\u00e9rends. Et pourtant, la <b>famille<\/b> est tellement importante pour moi!<span class=\"Apple-converted-space\">\u00a0<\/span><\/p>\n<p><b>2. Qu\u2019est-ce qui vous a fait h\u00e9siter \u00e0 venir chez moi\u00a0?<\/b><\/p>\n<p>Je n\u2019ai pas h\u00e9sit\u00e9, mais ce qui m\u2019a aid\u00e9, c\u2019est d\u2019assister \u00e0 une <b>d\u00e9monstration<\/b> de constellation \u00e0 Overijse. J\u2019ai pu <b>observer<\/b> la mise en situation et \u00e7a m\u2019a <b>beaucoup inspir\u00e9e<\/b>. Du coup, je n\u2019avais plus de crainte et comme j\u2019ai besoin de contr\u00f4ler les choses, j\u2019\u00e9tais confiante en venant vous voir.<span class=\"Apple-converted-space\">\u00a0<\/span><\/p>\n<p><b>3. Qu\u2019est-ce qui vous a d\u00e9cid\u00e9 \u00e0 travailler avec les constellations familiales?<\/b><\/p>\n<p>J\u2019avais une r\u00e9elle volont\u00e9 de changer les choses, de les rendre plus fluides et d\u2019am\u00e9liorer mes relations familiales. C\u2019\u00e9tait <b>vital<\/b> pour moi.<span class=\"Apple-converted-space\">\u00a0<\/span><\/p>\n<p><b>4. Qu\u2019est-ce qui a chang\u00e9 depuis notre premier rendez-vous\u00a0?<\/b><\/p>\n<p>J\u2019ai retrouv\u00e9 beaucoup d\u2019<b>apaisement personnel<\/b>. Je me sens beaucoup mieux d\u2019avoir fait <b>ma part <\/b>du travail. J\u2019ai vu la concr\u00e9tisation de mes <b>intentions<\/b>. Mes relations avec mes parents sont devenues plus fluides. Vraiment ! Ca m\u2019a enlev\u00e9 un poids. Je me sens beaucoup plus l\u00e9g\u00e8re.<span class=\"Apple-converted-space\">\u00a0<\/span><\/p>\n<p><b>5. Quelle a \u00e9t\u00e9 votre grande prise de conscience\u00a0?<\/b><\/p>\n<p>J\u2019ai \u00e9t\u00e9 sid\u00e9r\u00e9e de voir \u00e0 quel point je peux faire<b> ma part<\/b> et aider les autres qui sont en <b>relation<\/b> avec moi alors qu\u2019ils ne sont pas pr\u00e9sents. <span class=\"Apple-converted-space\">\u00a0 <\/span>Simplement par le fait qu\u2019ils font partie du syst\u00e8me. D\u2019avoir pu lib\u00e9rer mon propre syst\u00e8me \u00e0 ce point !<\/p>\n<p><b>6. Comment vous \u00eates-vous sentie accompagn\u00e9e par moi\u00a0?<\/b><\/p>\n<p>En confiance. Je me sentais \u00e0 tout moment l\u00e0 o\u00f9 je devais \u00eatre. En s\u00e9curit\u00e9. C\u2019\u00e9tait tr\u00e8s enveloppant.<span class=\"Apple-converted-space\">\u00a0<\/span><\/p>\n<h3 style=\"text-align: center;\">&#8212;&#8212;&#8212;&#8212;&#8212;&#8212;&#8212;&#8212;&#8212;&#8212;&#8212;&#8212;&#8212;&#8212;&#8212;&#8212;&#8212;&#8212;&#8212;&#8212;&#8212;&#8212;&#8211;<\/h3>\n<h3><strong>T\u00e9moignage de Katarina, 50 ans. \u00a0Phobie sociale.<\/strong><\/h3>\n<div>\n<p><b>1. Quelle \u00e9tait votre situation avant de travailler avec moi et que vouliez-vous r\u00e9gler en venant me voir\u00a0?<\/b><\/p>\n<p>Chaque fois que je rencontrais quelqu\u2019un, j\u2019\u00e9tais d\u00e9rang\u00e9e et toujours mal \u00e0 l\u2019aise au fond de moi. Je n\u2019arrivais pas \u00e0 trouver ma juste place face \u00e0 autrui. Je n\u2019arrivais pas \u00e0 g\u00e9rer les relations qui se pr\u00e9sentaient \u00e0 moi.<span class=\"Apple-converted-space\">\u00a0 <\/span>J\u2019avais l\u2019impression que je devais subir cela dans la peur. Comme si je ne me sentais pas \u00e0 la hauteur.<\/p>\n<p>2<b>. Qu\u2019est-ce qui vous a d\u00e9cid\u00e9 \u00e0 travailler avec moi?<span class=\"Apple-converted-space\">\u00a0<\/span><\/b><\/p>\n<p>J\u2019ai trouv\u00e9 vos coordonn\u00e9es sur Internet. Je cherchais une personne via le site de la m\u00e9thode JMV (M\u00e9thode Jean-Marc Vergnolle). Au d\u00e9part pour une addiction au sucre.<span class=\"Apple-converted-space\">\u00a0<\/span><\/p>\n<p><b>3. Qu\u2019est-ce qui a chang\u00e9 dans votre vie depuis notre travail?<span class=\"Apple-converted-space\">\u00a0<\/span><\/b><\/p>\n<p>J\u2019ai trouv\u00e9 une joie int\u00e9rieure \u00e0 rencontrer les autres. Cela se passe d\u00e9sormais dans la l\u00e9g\u00e8ret\u00e9 et dans la joie\u00a0!<span class=\"Apple-converted-space\">\u00a0<\/span><\/p>\n<p><b>4. Quelle a \u00e9t\u00e9 votre grande prise de conscience\u00a0?<\/b><\/p>\n<p>La plus grande r\u00e9v\u00e9lation s\u2019est faite \u00e0 la fin du travail au bout de 3 ou 4 s\u00e9ances. J\u2019ai pu me rendre compte que le point de rencontre avec une personne n\u2019est pas \u00e0 l\u2019int\u00e9rieur de moi, mais qu\u2019on peut le placer \u00e0 l\u2019ext\u00e9rieur de soi. Cette prise de conscience m\u2019a apport\u00e9 cette paix dans la rencontre avec l\u2019autre. <b>Ca devient un jeu maintenant<\/b>. <b>Je le rapproche. Je l\u2019\u00e9loigne. J\u2019ai trouv\u00e9 un grand espace de libert\u00e9.<\/b><span class=\"Apple-converted-space\">\u00a0<\/span><\/p>\n<p><b>5. Comment vous \u00eates-vous sentie accompagn\u00e9e par moi\u00a0?<\/b><\/p>\n<p>Vous avez une \u00e9coute, de la douceur et de la fermet\u00e9 en m\u00eame temps. Vous ne l\u00e2chez pas votre but et \u00e7a m\u2019a rassur\u00e9e. Je me suis sentie accompagn\u00e9e avec bienveillance et respect.<span class=\"Apple-converted-space\">\u00a0<\/span><\/p>\n<\/div>\n<p style=\"text-align: center;\"><strong>&#8212;&#8212;&#8212;&#8212;&#8212;&#8212;&#8212;&#8212;&#8212;&#8212;&#8212;&#8212;&#8212;&#8212;&#8212;&#8212;&#8212;&#8212;&#8212;&#8212;&#8212;&#8212;&#8212;&#8212;&#8212;-<\/strong><\/p>\n<h3><b>T\u00e9moignage de Caroline.<\/b><\/h3>\n<p><b>1. Quelle \u00e9tait votre situation avant de travailler avec moi ?<\/b><\/p>\n<p><b>Je me sentais enlis\u00e9e, dans un mal-\u00eatre. Rien ne bougeait alors que je tentais de mettre des choses en place.<span class=\"Apple-converted-space\">\u00a0<\/span><\/b><\/p>\n<p><b>2. Qu\u2019est-ce qui vous a fait h\u00e9siter \u00e0 venir chez moi\u00a0?<\/b><\/p>\n<p>Mon h\u00e9sitation porte souvent sur la technique choisie. Je cherche le moyen qui serait le plus b\u00e9n\u00e9fique pour moi.<span class=\"Apple-converted-space\">\u00a0 <\/span>Je cherche aussi \u00ab\u00a0la\u00a0\u00bb bonne personne. Il faut qu\u2019on m\u2019ait recommand\u00e9 la personne, le th\u00e9rapeute.<span class=\"Apple-converted-space\">\u00a0<\/span><\/p>\n<p><b>3. Qu\u2019est-ce qui vous a d\u00e9cid\u00e9 \u00e0 travailler avec moi et les constellations familiales?<\/b><\/p>\n<p>Vous m\u2019avez \u00e9t\u00e9 recommand\u00e9e. <span class=\"Apple-converted-space\">\u00a0<\/span><\/p>\n<p><b>4. Qu\u2019est-ce qui a chang\u00e9 dans votre vie depuis que vous travaillez avec moi\u00a0?<\/b><\/p>\n<p>J\u2019ai plus confiance en moi. Je suis plus ancr\u00e9e. Je me sens mieux dans mon corps physiquement. Avant, je n\u2019\u00e9tais pas r\u00e9ellement l\u00e0. Maintenant, quand il se passe quelque chose, je le ressens tout de suite en moi. Je suis plus proche de mon ressenti. Et puis, <b>je prends mes responsablit\u00e9s et j\u2019arr\u00eate de bl\u00e2mer les autres pour ce qui m\u2019arrive. Je ne remets plus mes probl\u00e8mes sur le compte des autres<\/b>. Je recherche plus facilement chez moi ce qui ne va pas. Quelle est la r\u00e9sonance avec moi?<span class=\"Apple-converted-space\">\u00a0<\/span><\/p>\n<p><b>5. Quelle a \u00e9t\u00e9 votre grande prise de conscience\u00a0?<\/b><\/p>\n<p>J\u2019ai pris conscience que, quelque part, je suis responsable de ce qui m\u2019arrive. Je suis heureuse d\u2019\u00eatre l\u00e0. Je prends chaque \u00e9v\u00e9nement comme une nouvelle occasion d\u2019\u00e9voluer, de grandir.<span class=\"Apple-converted-space\">\u00a0<\/span><\/p>\n<p><b>6. Comment vous \u00eates-vous sentie accompagn\u00e9e par moi\u00a0?<\/b><\/p>\n<p>Je me sens en confiance. J\u2019aime la douceur et la bienveillance avec lesquelles vous m\u2019accompagnez. Et j\u2019ai chaque fois <b>l\u2019impression de faire un bond<\/b>. Il y a \u00e0 chaque fois <b>un voile qui se l\u00e8ve<\/b>. Comme si je voyais plus clair dans ma vie. J\u2019aime l\u2019\u00e9nergie que vous d\u00e9gagez.<span class=\"Apple-converted-space\">\u00a0<\/span><\/p>\n<p style=\"text-align: center;\"><strong>&#8212;&#8212;&#8212;&#8212;&#8212;&#8212;&#8212;&#8212;&#8212;&#8212;&#8212;&#8212;&#8212;&#8212;&#8212;&#8212;&#8212;&#8212;&#8212;&#8212;&#8212;&#8212;&#8212;&#8212;&#8212;&#8212;&#8212;&#8212;-<\/strong><\/p>\n<h3><b>T\u00e9moignage de Th\u00e9r\u00e8se.\u00a0<\/b><b>\u00ab\u00a0Quand on bouge, il y a tout qui bouge!\u00a0\u00bb<\/b><\/h3>\n<p><b>1. Quelle \u00e9tait votre situation avant de travailler avec moi et que vouliez-vous en venant me voir\u00a0?<\/b><\/p>\n<p><b>&#8211; Je vivais une situation compliqu\u00e9e avec ma fille.<span class=\"Apple-converted-space\">\u00a0 <\/span><\/b>Je me sentais <b>enlis\u00e9e<\/b>, <b>coinc\u00e9e<\/b>. J\u2019avais l\u2019impression de ne pas pouvoir la g\u00e9rer. J\u2019avais besoin d\u2019aide pour faire bouger les choses en moi.<span class=\"Apple-converted-space\">\u00a0<\/span><\/p>\n<p><b>2. Qu\u2019est-ce qui vous a fait h\u00e9siter \u00e0 venir chez moi\u00a0?<\/b><\/p>\n<p>&#8211; Quand je ne connais pas une personne, j\u2019aime bien savoir si cette personne est bien form\u00e9e, bien intentionn\u00e9e, si elle ne porte pas de jugement.<span class=\"Apple-converted-space\">\u00a0<\/span><\/p>\n<p>3<b>. Qu\u2019est-ce qui vous a d\u00e9cid\u00e9 \u00e0 travailler avec moi ?<\/b><\/p>\n<p>&#8211;\u00a0J\u2019avais d\u00e9j\u00e0 fait des constellations avec une connaissance qui devait s\u2019entrainer et trouver des cobayes. La premi\u00e8re fois,<span class=\"Apple-converted-space\">\u00a0 <\/span>c\u2019\u00e9tait en groupe. J\u2019ai trouv\u00e9 \u00e7a bluffant de pouvoir sentir \u00e9nerg\u00e9tiquement ce qui se passe dans des relations.<span class=\"Apple-converted-space\">\u00a0\u00a0<\/span><b>Ca m\u2019apporte confiance et \u00e7a m\u2019am\u00e8ne des ressources auxquelles je n\u2019avais pas pens\u00e9. Ca m\u2019apporte une ouverture d\u2019esprit et des solutions que je n\u2019aurais pas trouv\u00e9es toute seule.<span class=\"Apple-converted-space\">\u00a0<\/span><\/b><\/p>\n<p><b>4. Qu\u2019est-ce qui a chang\u00e9 dans votre vie depuis notre travail?<span class=\"Apple-converted-space\">\u00a0<\/span><\/b><\/p>\n<p>&#8211; C\u2019est \u00e0 l\u2019int\u00e9rieur de moi. Je me sens plus confiante.<span class=\"Apple-converted-space\">\u00a0\u00a0<\/span>J\u2019ose faire des choses parce que m\u00eame si j\u2019ai l\u2019impression que \u00e7a ne va pas bien, je retrouve l\u2019espoir que \u00e7a va aller. Je me sens plus s\u00fbre de moi. Plus de l\u00e2cher-prise. Je prends davantage la vie comme elle vient.<span class=\"Apple-converted-space\">\u00a0<\/span><\/p>\n<p><b>5. Quelle a \u00e9t\u00e9 votre grande prise de conscience\u00a0?<\/b><\/p>\n<p>&#8211; J\u2019ai pris conscience de l\u2019impact de mes a\u00efeux sur <b>mes<\/b><b> choix<\/b> et sur ma vie d\u2019aujourd\u2019hui.<span class=\"Apple-converted-space\">\u00a0<\/span><\/p>\n<p><b>6. Comment vous \u00eates-vous sentie accompagn\u00e9e par moi\u00a0?<\/b><\/p>\n<p>&#8211; De fa\u00e7on juste, avec douceur, pr\u00e9cision, clart\u00e9, \u00e9coute et soutien.<span class=\"Apple-converted-space\">\u00a0\u00a0<\/span>C\u2019est comme si une s\u00e9ance ne ressemblait jamais \u00e0 l\u2019autre. La solution n\u2019est pas l\u00e0 o\u00f9 on l\u2019attend. J\u2019ai l\u2019impression de d\u00e9couvrir quelque chose de nouveau \u00e0 chaque fois.<span class=\"Apple-converted-space\">\u00a0<\/span><\/p>\n<h3 style=\"text-align: center;\">&#8212;&#8212;&#8212;&#8212;&#8212;&#8212;&#8212;&#8212;&#8212;&#8212;&#8212;&#8212;&#8212;&#8212;&#8212;&#8212;&#8212;&#8212;&#8212;&#8212;&#8212;&#8212;&#8212;&#8211;<\/h3>\n<h3><b>T\u00e9moignage de Eleonore.<\/b><\/h3>\n<p><b>1. Quelle \u00e9tait votre situation avant de travailler avec moi ?<\/b><\/p>\n<p>&#8211; J\u2019\u00e9tais en questionnement et quelque peu <b>perturb\u00e9e.<\/b><span class=\"Apple-converted-space\">\u00a0 <\/span>J\u2019avais un <b>\u00e9tat de tristesse persistant.<span class=\"Apple-converted-space\">\u00a0<\/span><\/b><\/p>\n<p><b>2. Qu\u2019est-ce qui vous a fait h\u00e9siter \u00e0 venir chez moi\u00a0?<\/b><\/p>\n<p>&#8211; Je n\u2019ai eu aucune h\u00e9sitation. <b>Je suis venue sur recommandation<\/b>. <span class=\"Apple-converted-space\">\u00a0<\/span><\/p>\n<p><b>3. Qu\u2019est-ce qui vous a d\u00e9cid\u00e9 \u00e0 travailler avec les constellations familiales?<\/b><\/p>\n<p><b>&#8211; Je cherchais une solution \u00e0 mon \u00e9tat de tristesse<\/b>.<span class=\"Apple-converted-space\">\u00a0<\/span><\/p>\n<p><b>4. Qu\u2019est-ce qui a chang\u00e9 depuis notre premier rendez-vous\u00a0?<\/b><\/p>\n<p><b>&#8211; J\u2019ai tr\u00e8s vite retrouv\u00e9 une s\u00e9r\u00e9nit\u00e9 et \u00e7a continue aujourd\u2019hui<\/b>. Ca m\u2019a permis de me retrouver et de comprendre la situation de mani\u00e8re <b>plus positive<\/b>. <b>Les m\u00e9thodes m\u2019apportent des r\u00e9ponses \u00e0 mes questions.<span class=\"Apple-converted-space\">\u00a0<\/span><\/b><\/p>\n<p><b>5. Quelle a \u00e9t\u00e9 votre grande prise de conscience\u00a0?<\/b><\/p>\n<p>&#8211; J\u2019ai <b>compris<\/b> et <b>senti<\/b> que je devais <b>aller de l\u2019avant dans ma vie<\/b>. Que je voulais vivre dans le pr\u00e9sent et regarder vers le futur en pensant \u00e0 moi. J\u2019ai aussi pris conscience que j\u2019\u00e9tais <b>soutenue par la lign\u00e9e des femmes dans ma famille<\/b>.<span class=\"Apple-converted-space\">\u00a0 <\/span>Je me suis <b>sentie pouss\u00e9e, \u00e9paul\u00e9e\u2026<\/b><span class=\"Apple-converted-space\">\u00a0<\/span><\/p>\n<p><b>6. Comment vous \u00eates-vous sentie accompagn\u00e9e par moi\u00a0?<\/b><\/p>\n<p>&#8211; J\u2019ai appr\u00e9ci\u00e9 votre <b>pr\u00e9sence d\u00e9licate<\/b>. <b>Vous diffusez beaucoup de joie. Il y a quelque chose de tr\u00e8s r\u00e9confortant. Vous \u00eates spontan\u00e9e et naturelle<\/b>. Votre personnalit\u00e9 diffuse du calme et est emphatique. <b>Je sens que vous \u00eates l\u00e0<\/b>. Vous diffusez quelque chose de l\u00e9ger.<span class=\"Apple-converted-space\">\u00a0<\/span><\/p>\n<h3>Profilage alimentaire et Total Reset<\/h3>\n<p>\u00ab\u00a0On m&rsquo;a recommand\u00e9 d&rsquo;aller voir Geraldine suite \u00e0 un Burn out. \u00a0Nous avons pass\u00e9 en revue mon alimentation et mis le doigt sur des hypersensibilit\u00e9s dont j&rsquo;ignorais l&rsquo;existence. \u00a0Apr\u00e8s quelques s\u00e9ances, je retrouve l&rsquo;envie de bouger et de faire des choses.\u00a0\u00bb &#8211; Bernadette<\/p>\n<p><span style=\"font-family: Dosis; font-size: 12pt;\">\u00ab Cela faisait plusieurs ann\u00e9es que je tra\u00eenais une fatigue anormale. J\u2019ai d\u2019abord mis cela sur le compte de la naissance de mon fils, mais les ann\u00e9es passant, je restais fort fatigu\u00e9e. J\u2019ai pu mettre en lumi\u00e8re plusieurs sensibilit\u00e9s alimentaires que je ne soup\u00e7onnais pas (le soufre par exemple). Apr\u00e8s quelques s\u00e9ances, je me sens r\u00e9\u00e9quilibr\u00e9e. Je sens que j\u2019ai plus d\u2019envies, plus d\u2019\u00e9nergie. \u00bb &#8211; Sandrine<\/span><\/p>\n<p><span style=\"font-family: Dosis; font-size: 12pt;\">\u00ab\u00a0Ma relation \u00e0 la nourriture est compliqu\u00e9e depuis mon adolescence. J&rsquo;ai l&rsquo;impression de ne jamais \u00eatre sustent\u00e9e et content\u00e9e. \u00a0J&rsquo;ai eu l&rsquo;occasion de faire quelques s\u00e9ances avec Geraldine. Je retrouve des sensations que je croyais perdues. Je mange plus en conscience. \u00a0Je sais reconna\u00eetre les aliments qui me font du bien. \u00a0Et en plus, j&rsquo;ai perdu 3 kg sans rien faire!\u00a0\u00bb &#8211; Clothilde<\/span><\/p>\n<p><span style=\"font-family: Dosis; font-size: 12pt;\">\u00ab\u00a0J&rsquo;ai eu l&rsquo;occasion de recevoir \u00e0 deux reprises un soin avec G\u00e9raldine. Apr\u00e8s lui avoir fait part de ma difficult\u00e9, je me suis allong\u00e9e sur sa table de soins et je me suis tout de suite sentie en confiance, bien prise en mains vers les zones de mon \u00eatre qui ont \u00ab\u00a0gard\u00e9 une m\u00e9moire\u00a0\u00bb d&rsquo;\u00e9v\u00e9nements tr\u00e8s lointains. Mon corps \u00e9tait d\u00e9tendu, se laissait faire et r\u00e9pondait aux questions par le test musculaire. J&rsquo;\u00e9tais surprise, et en m\u00eame temps, les r\u00e9ponses venaient comme des confirmations de choses que je savais au fond de moi. Apr\u00e8s la s\u00e9ance, je me suis sentie lib\u00e9r\u00e9e, joyeuse et tr\u00e8s reconnaissante. Merci Geraldine de m&rsquo;accompagner au coeur de moi-m\u00eame.\u00a0\u00bb\u00a0 &#8211;\u00a0 Emmanuelle<\/span><\/p>\n<p><span style=\"font-family: Dosis; font-size: 12pt;\">\u00ab\u00a0J&rsquo;ai d\u00e9couvert une approche compl\u00e8tement holistique qui permet d&rsquo;aller travailler sur toutes les dimensions de mon \u00eatre (\u00e9nerg\u00e9tique, nutritionnel, \u00e9motionnel, inconscient familial,&#8230;). J&rsquo;ai d\u00e9j\u00e0 re\u00e7u plusieurs s\u00e9ances et je suis \u00e0 chaque fois impressionn\u00e9e par la pertinence de ce qui en ressort. Ces s\u00e9ances sont un vrai soutien pour moi car elles me permettent de donner du sens face aux \u00e9preuves que la vie me fait traverser. Merci pour cet accompagnement!\u00a0\u00bb \u00a0&#8211;\u00a0 Brigitte<\/span><\/p>\n<h3>Constellations familiales<\/h3>\n<p><span style=\"color: #000000; font-family: Dosis; font-size: 12pt;\">\u00ab\u00a0J&rsquo;ai un tr\u00e8s beau souvenir de cette journ\u00e9e de constellations et j&rsquo;ai trouv\u00e9 quelque chose \u00e0 la fois d&rsquo;inattendu et tellement \u00e9clairant. La difficult\u00e9 familiale dans laquelle je me trouve avec mes enfants prend une autre tournure apr\u00e8s ce qui s&rsquo;est montr\u00e9 dans la constellation. L&rsquo;h\u00e9ritage lourd \u00e0 porter est maintenant clair pour moi et j&rsquo;esp\u00e8re que cette conscience permettra de solder cet h\u00e9ritage.\u00a0Les autres constellations auxquelles j&rsquo;ai particip\u00e9, notamment la premi\u00e8re, restent comme des exp\u00e9riences fortes et quand les \u00e9motions (qui sont pourtant celles d&rsquo;un autre dont j&rsquo;ai \u00e9t\u00e9 le repr\u00e9sentant) m&rsquo;ont saisi, c&rsquo;\u00e9tait vraiment fort.\u00a0\u00bb\u00a0 Jean-Paul<\/span><\/p>\n<p><span style=\"color: #000000; font-family: Dosis; font-size: 12pt;\">\u00ab\u00a0J&rsquo;ai \u00e9t\u00e9 repr\u00e9sentante lors de constellations familiales men\u00e9es par G\u00e9raldine. Etre repr\u00e9sentant lors de constellations, c&rsquo;est s&rsquo;offrir autant d&rsquo;occasions d&rsquo;\u00e9volution personnelle que de constellations car la participation \u00e0 des constellations, m\u00eame s&rsquo;il ne s&rsquo;agit pas de nous, est d&rsquo;une incroyable force et d&rsquo;une immense richesse personnelle. Cela peut \u00eatre un bon moyen de se familiariser avec cette technique et d&rsquo;en palper toute la puissance \u00e9nerg\u00e9tique ! J&rsquo;ai beaucoup appr\u00e9ci\u00e9 la douceur et la d\u00e9licatesse de G\u00e9raldine, qui m\u00e8ne fermement mais avec grande humanit\u00e9 un processus intense pour tous les participants, constell\u00e9s ou repr\u00e9sentants !\u00a0\u00bb Pascale<\/span><\/p>\n<p><span style=\"color: #000000; font-family: Dosis; font-size: 12pt;\">\u00ab\u00a0Kin\u00e9siologue form\u00e9e aux Constellations familiales il y a une vingtaine d&rsquo;ann\u00e9es, j&rsquo;ai r\u00e9cemment particip\u00e9 \u00e0 une journ\u00e9e de constellations anim\u00e9e par G\u00e9raldine&#8230; Et ce fut une tr\u00e8s agr\u00e9able surprise pour moi de d\u00e9couvrir l&rsquo;approche juste et g\u00e9n\u00e9reuse qu&rsquo;elle en a, de voir de quelle mani\u00e8re \u00e0 la fois subtile, profonde et holistique elle aborde (et r\u00e9sout) les cas parfois \u00e9pineux pr\u00e9sent\u00e9s par les participants&#8230; Le tout dans une atmosph\u00e8re de douce bienveillance et de grand respect, o\u00f9 chacun peut s&rsquo;ouvrir et \u00eatre pleinement accept\u00e9 pour arriver \u00e0 lib\u00e9rer sa meilleure part de soi.\u00a0\u00bb\u00a0\u00a0Val\u00e9rie Clertan\u00a0<\/span><\/p>\n","protected":false},"excerpt":{"rendered":"<p>Voici le t\u00e9moignage de Sylvie, 42 ans, ind\u00e9pendante et maman de 3 enfants \u00e2g\u00e9s de 16, 12 et 8 ans.\u00a0 1. Quelle \u00e9tait votre situation avant de travailler avec moi ? J\u2019\u00e9tais enferm\u00e9e dans la routine de l\u2019alcool. Je ne voyais plus rien \u00e0 part l\u2019alcool. J\u2019\u00e9tais persuad\u00e9e que je ne pourrais jamais arriver \u00e0 en sortir. J\u2019\u00e9tais anesth\u00e9si\u00e9e par l\u2019alcool.\u00a0 2. Qu\u2019est-ce qui vous a fait h\u00e9siter \u00e0 entamer cet accompagnement\u00a0? J\u2019avais tr\u00e8s peur de chambouler ma routine et&#8230;<\/p>\n<p class=\"read-more\"><a class=\"btn btn-default\" href=\"https:\/\/geraldinedelville.be\/index.php\/kinesiologie\/temoignages\/\">Lire la suite<span class=\"screen-reader-text\"> Lire la suite<\/span><\/a><\/p>\n","protected":false},"author":3,"featured_media":0,"parent":52,"menu_order":20,"comment_status":"closed","ping_status":"closed","template":"","meta":{"om_disable_all_campaigns":false,"_monsterinsights_skip_tracking":false,"_monsterinsights_sitenote_active":false,"_monsterinsights_sitenote_note":"","_monsterinsights_sitenote_category":0,"footnotes":""},"class_list":["post-56","page","type-page","status-publish","hentry"],"aioseo_notices":[],"_links":{"self":[{"href":"https:\/\/geraldinedelville.be\/index.php\/wp-json\/wp\/v2\/pages\/56","targetHints":{"allow":["GET"]}}],"collection":[{"href":"https:\/\/geraldinedelville.be\/index.php\/wp-json\/wp\/v2\/pages"}],"about":[{"href":"https:\/\/geraldinedelville.be\/index.php\/wp-json\/wp\/v2\/types\/page"}],"author":[{"embeddable":true,"href":"https:\/\/geraldinedelville.be\/index.php\/wp-json\/wp\/v2\/users\/3"}],"replies":[{"embeddable":true,"href":"https:\/\/geraldinedelville.be\/index.php\/wp-json\/wp\/v2\/comments?post=56"}],"version-history":[{"count":21,"href":"https:\/\/geraldinedelville.be\/index.php\/wp-json\/wp\/v2\/pages\/56\/revisions"}],"predecessor-version":[{"id":1372,"href":"https:\/\/geraldinedelville.be\/index.php\/wp-json\/wp\/v2\/pages\/56\/revisions\/1372"}],"up":[{"embeddable":true,"href":"https:\/\/geraldinedelville.be\/index.php\/wp-json\/wp\/v2\/pages\/52"}],"wp:attachment":[{"href":"https:\/\/geraldinedelville.be\/index.php\/wp-json\/wp\/v2\/media?parent=56"}],"curies":[{"name":"wp","href":"https:\/\/api.w.org\/{rel}","templated":true}]}}